{"id":371,"date":"2024-05-21T18:34:26","date_gmt":"2024-05-21T16:34:26","guid":{"rendered":"https:\/\/agence-margaux.com\/?page_id=371"},"modified":"2024-06-26T18:12:46","modified_gmt":"2024-06-26T16:12:46","slug":"mentions-legales-margaux-com","status":"publish","type":"page","link":"https:\/\/agence-margaux.com\/index.php\/mentions-legales-margaux-com\/","title":{"rendered":"Mentions l\u00e9gales"},"content":{"rendered":"\t\t<div data-elementor-type=\"wp-page\" data-elementor-id=\"371\" class=\"elementor elementor-371\">\n\t\t\t\t<div class=\"elementor-element elementor-element-6afddc4 e-flex e-con-boxed e-con e-parent\" data-id=\"6afddc4\" data-element_type=\"container\" data-e-type=\"container\">\n\t\t\t\t\t<div class=\"e-con-inner\">\n\t\t\t\t<div class=\"elementor-element elementor-element-b9764a1 elementor-widget elementor-widget-heading\" data-id=\"b9764a1\" data-element_type=\"widget\" data-e-type=\"widget\" data-widget_type=\"heading.default\">\n\t\t\t\t<div class=\"elementor-widget-container\">\n\t\t\t\t\t<h2 class=\"elementor-heading-title elementor-size-default\">Mentions l\u00e9gales<\/h2>\t\t\t\t<\/div>\n\t\t\t\t<\/div>\n\t\t\t\t\t<\/div>\n\t\t\t\t<\/div>\n\t\t<div class=\"elementor-element elementor-element-f2cd009 e-flex e-con-boxed e-con e-parent\" data-id=\"f2cd009\" data-element_type=\"container\" data-e-type=\"container\">\n\t\t\t\t\t<div class=\"e-con-inner\">\n\t\t\t\t<div class=\"elementor-element elementor-element-f3c32ea elementor-widget elementor-widget-text-editor\" data-id=\"f3c32ea\" data-element_type=\"widget\" data-e-type=\"widget\" data-widget_type=\"text-editor.default\">\n\t\t\t\t<div class=\"elementor-widget-container\">\n\t\t\t\t\t\t\t\t\t<div id=\"ovh_1cd601c7-113a-4e11-bf7b-d450b39eef57\" class=\"odss-text mb-4\"><div class=\"otds-text\"><h2 class=\"odss-text__heading mb-3\">Margaux.Com<\/h2><\/div><div class=\"otds-text\"><p>EI Margaux FARAMOND<\/p><p>Code APE 63.11Z<br \/><span class=\"OYPEnA text-decoration-none text-strikethrough-none\">TVA non applicable, art. 293 B du CGI<\/span><br \/>Si\u00e8ge social : 64 Rue de la Gr\u00e8ze &#8211; 12170 SAINT JEAN DELNOUS &#8211; France<\/p><p>Adresse mail : agence.margaux.com@gmail.com<\/p><p>T\u00e9l\u00e9phone : 06 07 68 23 57<\/p><p>Directeur de la publication : Margaux FARAMOND<\/p><p>Ce site est h\u00e9berg\u00e9 par OVH SAS 2 rue Kellermann &#8211; 59100 Roubaix &#8211; France \/ SIRET : 42476141900045 \/ Raison sociale : OVH (OWO &#8211; OVH WHOIS OFFUSCATOR) \/ N\u00b0 t\u00e9l : 1007<\/p><\/div><\/div><div id=\"service_level_agreements_f5386543-f42f-4583-a241-153376883b55\" class=\"odss-text mb-4\"><div class=\"otds-text\"><h3 class=\"odss-text__heading mb-3\">Conditions d&rsquo;utilisation du site Internet www.agence-margaux.com<\/h3><\/div><div class=\"otds-text\"><div><div>\u00a0<\/div><div><div><p>Le site et chacun des \u00e9l\u00e9ments, y compris mais sans limitation les logos, ic\u00f4nes, infographies, photographies, qui le composent sont prot\u00e9g\u00e9s au titre de la l\u00e9gislation internationale de la propri\u00e9t\u00e9 intellectuelle. Les contenus figurant sur le site sont la propri\u00e9t\u00e9 de Margaux.Com ou d\u2019autres entreprises. Toute utilisation, reproduction ou repr\u00e9sentation, par quelque proc\u00e9d\u00e9 que ce soit, et sur quelque support que ce soit, de tout ou partie du site et\/ou des \u00e9l\u00e9ments qui le composent n&rsquo;est pas autoris\u00e9e sans le consentement expresse de Margaux.Com.<\/p><p>Cliquez sur ce lien pour consulter la <a href=\"https:\/\/agence-margaux.com\/index.php\/politique-de-cookies-ue\/\">politique de cookies<\/a>. <\/p><\/div><\/div><\/div><\/div><\/div><div class=\"odss-text mb-4\"><div class=\"otds-text\"><h3 class=\"odss-text__heading mb-3\">Donn\u00e9es personnelles<\/h3><\/div><div class=\"otds-text\"><div>Vous pouvez visiter notre site sur Internet sans avoir \u00e0 d\u00e9cliner votre identit\u00e9 et \u00e0 fournir des informations personnelles vous concernant.<\/div><\/div><\/div><div>\u00a0<\/div><div>\u00a0<\/div><div>Mention l\u00e9gales du site <a href=\"http:\/\/www.agence-margaux.com\">agence-margaux.com<\/a><\/div><div>\u00a0<\/div><div>Pour retourner \u00e0 la page d&rsquo;accueil cliquer sur \u00ab\u00a0<a href=\"https:\/\/agence-margaux.com\/\">Accueil<\/a>\u00a0\u00bb en haut de page.<\/div>\t\t\t\t\t\t\t\t<\/div>\n\t\t\t\t<\/div>\n\t\t\t\t\t<\/div>\n\t\t\t\t<\/div>\n\t\t<div class=\"elementor-element elementor-element-1802668 e-flex e-con-boxed e-con e-parent\" data-id=\"1802668\" data-element_type=\"container\" data-e-type=\"container\">\n\t\t\t\t\t<div class=\"e-con-inner\">\n\t\t\t\t<div class=\"elementor-element elementor-element-f0749d2 elementor-widget elementor-widget-image\" data-id=\"f0749d2\" data-element_type=\"widget\" data-e-type=\"widget\" data-widget_type=\"image.default\">\n\t\t\t\t<div class=\"elementor-widget-container\">\n\t\t\t\t\t\t\t\t\t\t\t\t\t\t\t<img fetchpriority=\"high\" decoding=\"async\" width=\"950\" height=\"672\" src=\"https:\/\/agence-margaux.com\/wp-content\/uploads\/2024\/03\/image_de_fond_site_web_margaux.com_en_maintenance-1024x724.jpg\" class=\"attachment-large size-large wp-image-8\" alt=\"image de fond sur le site en maintenance de l&#039;agence margaux. com reprenant le logo de l&#039;entreprise\" srcset=\"https:\/\/agence-margaux.com\/wp-content\/uploads\/2024\/03\/image_de_fond_site_web_margaux.com_en_maintenance-1024x724.jpg 1024w, https:\/\/agence-margaux.com\/wp-content\/uploads\/2024\/03\/image_de_fond_site_web_margaux.com_en_maintenance-300x212.jpg 300w, https:\/\/agence-margaux.com\/wp-content\/uploads\/2024\/03\/image_de_fond_site_web_margaux.com_en_maintenance-1536x1086.jpg 1536w, https:\/\/agence-margaux.com\/wp-content\/uploads\/2024\/03\/image_de_fond_site_web_margaux.com_en_maintenance.jpg 2000w\" sizes=\"100vw\" \/>\t\t\t\t\t\t\t\t\t\t\t\t\t\t\t<\/div>\n\t\t\t\t<\/div>\n\t\t\t\t\t<\/div>\n\t\t\t\t<\/div>\n\t\t\t\t<\/div>\n\t\t","protected":false},"excerpt":{"rendered":"<p>Mentions l\u00e9gales Margaux.Com EI Margaux FARAMOND Code APE 63.11ZTVA non applicable, art. 293 B du CGISi\u00e8ge social : 64 Rue de la Gr\u00e8ze &#8211; 12170 SAINT JEAN DELNOUS &#8211; France Adresse mail : agence.margaux.com@gmail.com T\u00e9l\u00e9phone : 06 07 68 23 57 Directeur de la publication : Margaux FARAMOND Ce site est h\u00e9berg\u00e9 par OVH SAS &hellip; <\/p>\n<p class=\"link-more\"><a href=\"https:\/\/agence-margaux.com\/index.php\/mentions-legales-margaux-com\/\" class=\"more-link\">Lire la suite de<span class=\"screen-reader-text\">\u00ab\u00a0Mentions l\u00e9gales\u00a0\u00bb<\/span><\/a><\/p>\n","protected":false},"author":1,"featured_media":0,"parent":0,"menu_order":0,"comment_status":"closed","ping_status":"closed","template":"","meta":{"_monsterinsights_skip_tracking":false,"_monsterinsights_sitenote_active":false,"_monsterinsights_sitenote_note":"","_monsterinsights_sitenote_category":0,"footnotes":""},"class_list":["post-371","page","type-page","status-publish","hentry"],"yoast_head":"<!-- This site is optimized with the Yoast SEO plugin v27.5 - https:\/\/yoast.com\/product\/yoast-seo-wordpress\/ -->\n<title>Mentions l\u00e9gales - Agence Margaux.Com<\/title>\n<meta name=\"description\" content=\"Vous pouvez lire dans cet onglet les mentions l\u00e9gales de Margaux.Com. Cette page est accessible en pied de page du site agence-margaux.com.\" \/>\n<meta name=\"robots\" content=\"index, follow, max-snippet:-1, max-image-preview:large, max-video-preview:-1\" \/>\n<link rel=\"canonical\" href=\"https:\/\/agence-margaux.com\/index.php\/mentions-legales-margaux-com\/\" \/>\n<meta property=\"og:locale\" content=\"fr_FR\" \/>\n<meta property=\"og:type\" content=\"article\" \/>\n<meta property=\"og:title\" content=\"Mentions l\u00e9gales - Agence Margaux.Com\" \/>\n<meta property=\"og:description\" content=\"Vous pouvez lire dans cet onglet les mentions l\u00e9gales de Margaux.Com. Cette page est accessible en pied de page du site agence-margaux.com.\" \/>\n<meta property=\"og:url\" content=\"https:\/\/agence-margaux.com\/index.php\/mentions-legales-margaux-com\/\" \/>\n<meta property=\"og:site_name\" content=\"Agence Margaux.Com\" \/>\n<meta property=\"article:publisher\" content=\"https:\/\/www.facebook.com\/profile.php?id=61558416268845\" \/>\n<meta property=\"article:modified_time\" content=\"2024-06-26T16:12:46+00:00\" \/>\n<meta property=\"og:image\" content=\"http:\/\/agence-margaux.com\/wp-content\/uploads\/2024\/03\/image_de_fond_site_web_margaux.com_en_maintenance-1024x724.jpg\" \/>\n<meta name=\"twitter:card\" content=\"summary_large_image\" \/>\n<meta name=\"twitter:label1\" content=\"Dur\u00e9e de lecture estim\u00e9e\" \/>\n\t<meta name=\"twitter:data1\" content=\"2 minutes\" \/>\n<script type=\"application\/ld+json\" class=\"yoast-schema-graph\">{\"@context\":\"https:\\\/\\\/schema.org\",\"@graph\":[{\"@type\":\"WebPage\",\"@id\":\"https:\\\/\\\/agence-margaux.com\\\/index.php\\\/mentions-legales-margaux-com\\\/\",\"url\":\"https:\\\/\\\/agence-margaux.com\\\/index.php\\\/mentions-legales-margaux-com\\\/\",\"name\":\"Mentions l\u00e9gales - Agence Margaux.Com\",\"isPartOf\":{\"@id\":\"https:\\\/\\\/agence-margaux.com\\\/#website\"},\"primaryImageOfPage\":{\"@id\":\"https:\\\/\\\/agence-margaux.com\\\/index.php\\\/mentions-legales-margaux-com\\\/#primaryimage\"},\"image\":{\"@id\":\"https:\\\/\\\/agence-margaux.com\\\/index.php\\\/mentions-legales-margaux-com\\\/#primaryimage\"},\"thumbnailUrl\":\"http:\\\/\\\/agence-margaux.com\\\/wp-content\\\/uploads\\\/2024\\\/03\\\/image_de_fond_site_web_margaux.com_en_maintenance-1024x724.jpg\",\"datePublished\":\"2024-05-21T16:34:26+00:00\",\"dateModified\":\"2024-06-26T16:12:46+00:00\",\"description\":\"Vous pouvez lire dans cet onglet les mentions l\u00e9gales de Margaux.Com. Cette page est accessible en pied de page du site agence-margaux.com.\",\"breadcrumb\":{\"@id\":\"https:\\\/\\\/agence-margaux.com\\\/index.php\\\/mentions-legales-margaux-com\\\/#breadcrumb\"},\"inLanguage\":\"fr-FR\",\"potentialAction\":[{\"@type\":\"ReadAction\",\"target\":[\"https:\\\/\\\/agence-margaux.com\\\/index.php\\\/mentions-legales-margaux-com\\\/\"]}]},{\"@type\":\"ImageObject\",\"inLanguage\":\"fr-FR\",\"@id\":\"https:\\\/\\\/agence-margaux.com\\\/index.php\\\/mentions-legales-margaux-com\\\/#primaryimage\",\"url\":\"https:\\\/\\\/agence-margaux.com\\\/wp-content\\\/uploads\\\/2024\\\/03\\\/image_de_fond_site_web_margaux.com_en_maintenance.jpg\",\"contentUrl\":\"https:\\\/\\\/agence-margaux.com\\\/wp-content\\\/uploads\\\/2024\\\/03\\\/image_de_fond_site_web_margaux.com_en_maintenance.jpg\",\"width\":2000,\"height\":1414,\"caption\":\"image de fond sur le site en maintenance de l'agence margaux. com reprenant le logo de l'entreprise\"},{\"@type\":\"BreadcrumbList\",\"@id\":\"https:\\\/\\\/agence-margaux.com\\\/index.php\\\/mentions-legales-margaux-com\\\/#breadcrumb\",\"itemListElement\":[{\"@type\":\"ListItem\",\"position\":1,\"name\":\"Accueil\",\"item\":\"https:\\\/\\\/agence-margaux.com\\\/\"},{\"@type\":\"ListItem\",\"position\":2,\"name\":\"Mentions l\u00e9gales\"}]},{\"@type\":\"WebSite\",\"@id\":\"https:\\\/\\\/agence-margaux.com\\\/#website\",\"url\":\"https:\\\/\\\/agence-margaux.com\\\/\",\"name\":\"Agence Margaux.Com\",\"description\":\"Charg\u00e9e de communication digitale\",\"publisher\":{\"@id\":\"https:\\\/\\\/agence-margaux.com\\\/#organization\"},\"potentialAction\":[{\"@type\":\"SearchAction\",\"target\":{\"@type\":\"EntryPoint\",\"urlTemplate\":\"https:\\\/\\\/agence-margaux.com\\\/?s={search_term_string}\"},\"query-input\":{\"@type\":\"PropertyValueSpecification\",\"valueRequired\":true,\"valueName\":\"search_term_string\"}}],\"inLanguage\":\"fr-FR\"},{\"@type\":\"Organization\",\"@id\":\"https:\\\/\\\/agence-margaux.com\\\/#organization\",\"name\":\"Agence Margaux.Com\",\"url\":\"https:\\\/\\\/agence-margaux.com\\\/\",\"logo\":{\"@type\":\"ImageObject\",\"inLanguage\":\"fr-FR\",\"@id\":\"https:\\\/\\\/agence-margaux.com\\\/#\\\/schema\\\/logo\\\/image\\\/\",\"url\":\"https:\\\/\\\/agence-margaux.com\\\/wp-content\\\/uploads\\\/2024\\\/03\\\/cropped-cropped-logo_margaux.com_blanc-2.jpg\",\"contentUrl\":\"https:\\\/\\\/agence-margaux.com\\\/wp-content\\\/uploads\\\/2024\\\/03\\\/cropped-cropped-logo_margaux.com_blanc-2.jpg\",\"width\":395,\"height\":379,\"caption\":\"Agence Margaux.Com\"},\"image\":{\"@id\":\"https:\\\/\\\/agence-margaux.com\\\/#\\\/schema\\\/logo\\\/image\\\/\"},\"sameAs\":[\"https:\\\/\\\/www.facebook.com\\\/profile.php?id=61558416268845\",\"https:\\\/\\\/www.instagram.com\\\/margaux.com12\\\/\"]}]}<\/script>\n<!-- \/ Yoast SEO plugin. -->","yoast_head_json":{"title":"Mentions l\u00e9gales - Agence Margaux.Com","description":"Vous pouvez lire dans cet onglet les mentions l\u00e9gales de Margaux.Com. Cette page est accessible en pied de page du site agence-margaux.com.","robots":{"index":"index","follow":"follow","max-snippet":"max-snippet:-1","max-image-preview":"max-image-preview:large","max-video-preview":"max-video-preview:-1"},"canonical":"https:\/\/agence-margaux.com\/index.php\/mentions-legales-margaux-com\/","og_locale":"fr_FR","og_type":"article","og_title":"Mentions l\u00e9gales - Agence Margaux.Com","og_description":"Vous pouvez lire dans cet onglet les mentions l\u00e9gales de Margaux.Com. Cette page est accessible en pied de page du site agence-margaux.com.","og_url":"https:\/\/agence-margaux.com\/index.php\/mentions-legales-margaux-com\/","og_site_name":"Agence Margaux.Com","article_publisher":"https:\/\/www.facebook.com\/profile.php?id=61558416268845","article_modified_time":"2024-06-26T16:12:46+00:00","og_image":[{"url":"http:\/\/agence-margaux.com\/wp-content\/uploads\/2024\/03\/image_de_fond_site_web_margaux.com_en_maintenance-1024x724.jpg","type":"","width":"","height":""}],"twitter_card":"summary_large_image","twitter_misc":{"Dur\u00e9e de lecture estim\u00e9e":"2 minutes"},"schema":{"@context":"https:\/\/schema.org","@graph":[{"@type":"WebPage","@id":"https:\/\/agence-margaux.com\/index.php\/mentions-legales-margaux-com\/","url":"https:\/\/agence-margaux.com\/index.php\/mentions-legales-margaux-com\/","name":"Mentions l\u00e9gales - Agence Margaux.Com","isPartOf":{"@id":"https:\/\/agence-margaux.com\/#website"},"primaryImageOfPage":{"@id":"https:\/\/agence-margaux.com\/index.php\/mentions-legales-margaux-com\/#primaryimage"},"image":{"@id":"https:\/\/agence-margaux.com\/index.php\/mentions-legales-margaux-com\/#primaryimage"},"thumbnailUrl":"http:\/\/agence-margaux.com\/wp-content\/uploads\/2024\/03\/image_de_fond_site_web_margaux.com_en_maintenance-1024x724.jpg","datePublished":"2024-05-21T16:34:26+00:00","dateModified":"2024-06-26T16:12:46+00:00","description":"Vous pouvez lire dans cet onglet les mentions l\u00e9gales de Margaux.Com. Cette page est accessible en pied de page du site agence-margaux.com.","breadcrumb":{"@id":"https:\/\/agence-margaux.com\/index.php\/mentions-legales-margaux-com\/#breadcrumb"},"inLanguage":"fr-FR","potentialAction":[{"@type":"ReadAction","target":["https:\/\/agence-margaux.com\/index.php\/mentions-legales-margaux-com\/"]}]},{"@type":"ImageObject","inLanguage":"fr-FR","@id":"https:\/\/agence-margaux.com\/index.php\/mentions-legales-margaux-com\/#primaryimage","url":"https:\/\/agence-margaux.com\/wp-content\/uploads\/2024\/03\/image_de_fond_site_web_margaux.com_en_maintenance.jpg","contentUrl":"https:\/\/agence-margaux.com\/wp-content\/uploads\/2024\/03\/image_de_fond_site_web_margaux.com_en_maintenance.jpg","width":2000,"height":1414,"caption":"image de fond sur le site en maintenance de l'agence margaux. com reprenant le logo de l'entreprise"},{"@type":"BreadcrumbList","@id":"https:\/\/agence-margaux.com\/index.php\/mentions-legales-margaux-com\/#breadcrumb","itemListElement":[{"@type":"ListItem","position":1,"name":"Accueil","item":"https:\/\/agence-margaux.com\/"},{"@type":"ListItem","position":2,"name":"Mentions l\u00e9gales"}]},{"@type":"WebSite","@id":"https:\/\/agence-margaux.com\/#website","url":"https:\/\/agence-margaux.com\/","name":"Agence Margaux.Com","description":"Charg\u00e9e de communication digitale","publisher":{"@id":"https:\/\/agence-margaux.com\/#organization"},"potentialAction":[{"@type":"SearchAction","target":{"@type":"EntryPoint","urlTemplate":"https:\/\/agence-margaux.com\/?s={search_term_string}"},"query-input":{"@type":"PropertyValueSpecification","valueRequired":true,"valueName":"search_term_string"}}],"inLanguage":"fr-FR"},{"@type":"Organization","@id":"https:\/\/agence-margaux.com\/#organization","name":"Agence Margaux.Com","url":"https:\/\/agence-margaux.com\/","logo":{"@type":"ImageObject","inLanguage":"fr-FR","@id":"https:\/\/agence-margaux.com\/#\/schema\/logo\/image\/","url":"https:\/\/agence-margaux.com\/wp-content\/uploads\/2024\/03\/cropped-cropped-logo_margaux.com_blanc-2.jpg","contentUrl":"https:\/\/agence-margaux.com\/wp-content\/uploads\/2024\/03\/cropped-cropped-logo_margaux.com_blanc-2.jpg","width":395,"height":379,"caption":"Agence Margaux.Com"},"image":{"@id":"https:\/\/agence-margaux.com\/#\/schema\/logo\/image\/"},"sameAs":["https:\/\/www.facebook.com\/profile.php?id=61558416268845","https:\/\/www.instagram.com\/margaux.com12\/"]}]}},"_links":{"self":[{"href":"https:\/\/agence-margaux.com\/index.php\/wp-json\/wp\/v2\/pages\/371","targetHints":{"allow":["GET"]}}],"collection":[{"href":"https:\/\/agence-margaux.com\/index.php\/wp-json\/wp\/v2\/pages"}],"about":[{"href":"https:\/\/agence-margaux.com\/index.php\/wp-json\/wp\/v2\/types\/page"}],"author":[{"embeddable":true,"href":"https:\/\/agence-margaux.com\/index.php\/wp-json\/wp\/v2\/users\/1"}],"replies":[{"embeddable":true,"href":"https:\/\/agence-margaux.com\/index.php\/wp-json\/wp\/v2\/comments?post=371"}],"version-history":[{"count":16,"href":"https:\/\/agence-margaux.com\/index.php\/wp-json\/wp\/v2\/pages\/371\/revisions"}],"predecessor-version":[{"id":396,"href":"https:\/\/agence-margaux.com\/index.php\/wp-json\/wp\/v2\/pages\/371\/revisions\/396"}],"wp:attachment":[{"href":"https:\/\/agence-margaux.com\/index.php\/wp-json\/wp\/v2\/media?parent=371"}],"curies":[{"name":"wp","href":"https:\/\/api.w.org\/{rel}","templated":true}]}}